{"id":139,"date":"2024-12-01T10:21:51","date_gmt":"2024-12-01T09:21:51","guid":{"rendered":"https:\/\/hannakotowskakancelaria.pl\/?page_id=139"},"modified":"2025-06-15T15:26:07","modified_gmt":"2025-06-15T13:26:07","slug":"informacje","status":"publish","type":"page","link":"https:\/\/hannakotowskakancelaria.pl\/?page_id=139","title":{"rendered":"Zakres dzia\u0142alno\u015bci"},"content":{"rendered":"\n<p>Jestem radc\u0105 prawnym dzia\u0142aj\u0105cym w obszarze prawa cywilnego. Zajmuj\u0119 si\u0119 prowadzeniem:<\/p>\n\n\n\n<ul class=\"wp-block-list\">\n<li>post\u0119powa\u0144 spadkowych, takich jak sprawy o:\n<ul class=\"wp-block-list\">\n<li>stwierdzenie nabycia spadku<\/li>\n\n\n\n<li>dzia\u0142 spadku<\/li>\n\n\n\n<li>zachowek<\/li>\n<\/ul>\n<\/li>\n\n\n\n<li>spraw rodzinnych, na przyk\u0142ad:\n<ul class=\"wp-block-list\">\n<li>rozwody<\/li>\n\n\n\n<li>separacje<\/li>\n\n\n\n<li>podzia\u0142 maj\u0105tku wsp\u00f3lnego<\/li>\n\n\n\n<li>ustalenie ojcostwa<\/li>\n\n\n\n<li>alimenty<\/li>\n\n\n\n<li>w\u0142adza rodzicielska<\/li>\n\n\n\n<li>kontakty<\/li>\n<\/ul>\n<\/li>\n\n\n\n<li>post\u0119powaniach dotycz\u0105cych prawa w\u0142asno\u015bci, a wi\u0119c mi\u0119dzy innymi o:\n<ul class=\"wp-block-list\">\n<li>zasiedzenie<\/li>\n\n\n\n<li>uw\u0142aszczenie<\/li>\n\n\n\n<li>zniesienie wsp\u00f3\u0142w\u0142asno\u015bci<\/li>\n\n\n\n<li>wydanie przedmiotu w\u0142asno\u015bci<\/li>\n\n\n\n<li>naruszenie w\u0142asno\u015bci<\/li>\n<\/ul>\n<\/li>\n\n\n\n<li>post\u0119powa\u0144 zwi\u0105zanych z prawem zobowi\u0105za\u0144 i deliktami, jak:\n<ul class=\"wp-block-list\">\n<li>pow\u00f3dztwo o zap\u0142at\u0119<\/li>\n\n\n\n<li>sprawy o odszkodowanie i zado\u015b\u0107uczynienie<\/li>\n<\/ul>\n<\/li>\n\n\n\n<li>post\u0119powa\u0144 o stwierdzenie niewa\u017cno\u015bci umowy kredytu frankowego<\/li>\n\n\n\n<li>negocjacji um\u00f3w cywilnoprawnych, w tym ug\u00f3d w sprawach frankowych.<\/li>\n<\/ul>\n\n\n\n<p>Przygotowuj\u0119 tak\u017ce projekty um\u00f3w cywilnoprawnych oraz opinie prawne, jak r\u00f3wnie\u017c udzielam porad prawnych.<\/p>\n\n\n\n<p>Zapraszam!<\/p>\n\n\n\n<h6 class=\"wp-block-heading\"><strong>Areas of Expertise<\/strong><\/h6>\n\n\n\n<p>I am an attorney-at-law specializing in civil law. I handle the following matters:<\/p>\n\n\n\n<p>Inheritance proceedings, such as:<\/p>\n\n\n\n<ul class=\"wp-block-list\">\n<li>declaration of inheritance acquisition<\/li>\n\n\n\n<li>division of inheritance<\/li>\n\n\n\n<li>reserved portion claims<\/li>\n<\/ul>\n\n\n\n<p>Family law cases, including:<\/p>\n\n\n\n<ul class=\"wp-block-list\">\n<li>divorces<\/li>\n\n\n\n<li>separations<\/li>\n\n\n\n<li>division of joint property<\/li>\n\n\n\n<li>determination of paternity<\/li>\n\n\n\n<li>alimony<\/li>\n\n\n\n<li>parental authority<\/li>\n\n\n\n<li>contact arrangements<\/li>\n<\/ul>\n\n\n\n<p>Property law proceedings, such as:<\/p>\n\n\n\n<ul class=\"wp-block-list\">\n<li>acquisitive prescription<\/li>\n\n\n\n<li>enfranchisement<\/li>\n\n\n\n<li>dissolution of co-ownership<\/li>\n\n\n\n<li>recovery of property<\/li>\n\n\n\n<li>infringement of ownership rights<\/li>\n<\/ul>\n\n\n\n<p>Obligations and tort law cases, including:<\/p>\n\n\n\n<ul class=\"wp-block-list\">\n<li>payment claims<\/li>\n\n\n\n<li>compensation and redress claims<\/li>\n\n\n\n<li>proceedings to declare the invalidity of foreign currency loan agreements (so-called &#8222;Swiss franc cases&#8221;)<\/li>\n<\/ul>\n\n\n\n<p>I also conduct civil law contract negotiations, including settlements in foreign currency loan cases.<br>Additionally, I prepare civil law contract drafts and legal opinions, and provide legal advice.<\/p>\n\n\n\n<p>You&#8217;re welcome to contact me!<\/p>\n","protected":false},"excerpt":{"rendered":"<p>Jestem radc\u0105 prawnym dzia\u0142aj\u0105cym w obszarze prawa cywilnego. Zajmuj\u0119 si\u0119 prowadzeniem: Przygotowuj\u0119 tak\u017ce projekty um\u00f3w cywilnoprawnych oraz opinie prawne, jak r\u00f3wnie\u017c udzielam porad prawnych. Zapraszam! Areas of Expertise I am an attorney-at-law specializing in civil law. I handle the following matters: Inheritance proceedings, such as: Family law cases, including: Property [&hellip;]<\/p>\n","protected":false},"author":1,"featured_media":0,"parent":0,"menu_order":0,"comment_status":"closed","ping_status":"closed","template":"","meta":{"_themeisle_gutenberg_block_has_review":false,"footnotes":""},"class_list":["post-139","page","type-page","status-publish","hentry"],"_links":{"self":[{"href":"https:\/\/hannakotowskakancelaria.pl\/index.php?rest_route=\/wp\/v2\/pages\/139","targetHints":{"allow":["GET"]}}],"collection":[{"href":"https:\/\/hannakotowskakancelaria.pl\/index.php?rest_route=\/wp\/v2\/pages"}],"about":[{"href":"https:\/\/hannakotowskakancelaria.pl\/index.php?rest_route=\/wp\/v2\/types\/page"}],"author":[{"embeddable":true,"href":"https:\/\/hannakotowskakancelaria.pl\/index.php?rest_route=\/wp\/v2\/users\/1"}],"replies":[{"embeddable":true,"href":"https:\/\/hannakotowskakancelaria.pl\/index.php?rest_route=%2Fwp%2Fv2%2Fcomments&post=139"}],"version-history":[{"count":6,"href":"https:\/\/hannakotowskakancelaria.pl\/index.php?rest_route=\/wp\/v2\/pages\/139\/revisions"}],"predecessor-version":[{"id":638,"href":"https:\/\/hannakotowskakancelaria.pl\/index.php?rest_route=\/wp\/v2\/pages\/139\/revisions\/638"}],"wp:attachment":[{"href":"https:\/\/hannakotowskakancelaria.pl\/index.php?rest_route=%2Fwp%2Fv2%2Fmedia&parent=139"}],"curies":[{"name":"wp","href":"https:\/\/api.w.org\/{rel}","templated":true}]}}