{"id":158,"date":"2024-12-01T10:21:42","date_gmt":"2024-12-01T09:21:42","guid":{"rendered":"https:\/\/hannakotowskakancelaria.pl\/?page_id=158"},"modified":"2025-06-10T02:24:04","modified_gmt":"2025-06-10T00:24:04","slug":"o-mnie","status":"publish","type":"page","link":"https:\/\/hannakotowskakancelaria.pl\/?page_id=158","title":{"rendered":"O mnie"},"content":{"rendered":"<div class=\"wp-block-image\">\n<figure class=\"alignright size-large is-resized\"><img loading=\"lazy\" decoding=\"async\" width=\"768\" height=\"1024\" src=\"https:\/\/hannakotowskakancelaria.pl\/wp-content\/uploads\/2025\/06\/20250604_121430-768x1024.webp\" alt=\"\" class=\"wp-image-607\" style=\"width:254px;height:auto\" srcset=\"https:\/\/hannakotowskakancelaria.pl\/wp-content\/uploads\/2025\/06\/20250604_121430-768x1024.webp 768w, https:\/\/hannakotowskakancelaria.pl\/wp-content\/uploads\/2025\/06\/20250604_121430-225x300.webp 225w, https:\/\/hannakotowskakancelaria.pl\/wp-content\/uploads\/2025\/06\/20250604_121430-1152x1536.webp 1152w, https:\/\/hannakotowskakancelaria.pl\/wp-content\/uploads\/2025\/06\/20250604_121430-1536x2048.webp 1536w, https:\/\/hannakotowskakancelaria.pl\/wp-content\/uploads\/2025\/06\/20250604_121430-scaled.webp 1920w\" sizes=\"auto, (max-width: 768px) 100vw, 768px\" \/><\/figure>\n<\/div>\n\n\n<p>Uko\u0144czy\u0142am studia prawnicze na Wydziale Prawa i Administracji Uniwersytetu Jagiello\u0144skiego oraz studia amerykanistyczne pierwszego stopnia na Wydziale Studi\u00f3w Mi\u0119dzynarodowych i Politycznych Uniwersytetu Jagiello\u0144skiego. Jestem r\u00f3wnie\u017c absolwentk\u0105 Szko\u0142y Prawa Ameryka\u0144skiego prowadzonej przez WPIA UJ we wsp\u00f3\u0142pracy z Columbus School of Law The Catholic University w Waszyngtonie (D.C.). <\/p>\n\n\n\n<p>Odby\u0142am aplikacj\u0119 radcowsk\u0105 w OIRP w Krakowie. <\/p>\n\n\n\n<p>Biegle w\u0142adam j\u0119zykiem angielskim, a w stopniu podstawowym tak\u017ce niemieckim, francuskim i korea\u0144skim. W dzia\u0142alno\u015bci zawodowej skupiam si\u0119 na prawie cywilnym i rodzinnym. <\/p>\n\n\n\n<h6 class=\"wp-block-heading\"><strong>About me<\/strong><\/h6>\n\n\n\n<p>My name is Hanna Kotowska, I am an attorney-at law. In my professional practice, I focus on civil and family law.<\/p>\n\n\n\n<p>I graduated from the Faculty of Law and Administration at the Jagiellonian University with a degree in law.  I also have a Bachelor&#8217;s degree in American Studies. I completed my legal training (aplikacja radcowska) in Krak\u00f3w.<\/p>\n\n\n\n<p>I am fluent in English and have a basic command of German, French, and Korean. <\/p>\n\n\n\n<h6 class=\"wp-block-heading\"><strong>\uc81c \uc18c\uac1c<\/strong><\/h6>\n\n\n\n<p>\uc548\ub155\ud558\uc138\uc694? \uc81c \uc774\ub984\uc740 \ud55c\ub098\uc608\uc694. \uc800\ub294 \ud3f4\ub780\ub4dc\uc5d0\uc11c \uc628 \ubcc0\ud638\uc0ac\uc608\uc694. \ud55c\uad6d\uc5b4\ub97c \uc798 \ubabb\ud558\uc9c0\ub9cc, \ube68\ub9ac \ub098\uc544\uc9c0\uace0 \uc788\uc5b4\uc694. \uc601\uc5b4\ub3c4 \uc798\ud574\uc694. \ud3f4\ub780\ub4dc \ubc95\uc5d0 \ub300\ud574 \ubb38\uc81c\uac00 \uc788\uc73c\uc2e0\uac00\uc694? \uc5f0\ub77d \uc8fc\uc138\uc694.<\/p>\n\n\n\n<p><\/p>\n\n\n\n<p>Facebook:&nbsp;<a href=\"https:\/\/www.facebook.com\/profile.php?id=61576189820271#\">Radca prawny Hanna Kotowska<\/a><\/p>\n\n\n\n<p>Instagram: <a href=\"https:\/\/www.instagram.com\/hanna_kotowska_specpapierolog\/\">@hanna_kotowska_specpapierolog<\/a><\/p>\n","protected":false},"excerpt":{"rendered":"<p>Uko\u0144czy\u0142am studia prawnicze na Wydziale Prawa i Administracji Uniwersytetu Jagiello\u0144skiego oraz studia amerykanistyczne pierwszego stopnia na Wydziale Studi\u00f3w Mi\u0119dzynarodowych i Politycznych Uniwersytetu Jagiello\u0144skiego. Jestem r\u00f3wnie\u017c absolwentk\u0105 Szko\u0142y Prawa Ameryka\u0144skiego prowadzonej przez WPIA UJ we wsp\u00f3\u0142pracy z Columbus School of Law The Catholic University w Waszyngtonie (D.C.). Odby\u0142am aplikacj\u0119 radcowsk\u0105 w [&hellip;]<\/p>\n","protected":false},"author":1,"featured_media":0,"parent":0,"menu_order":0,"comment_status":"closed","ping_status":"closed","template":"","meta":{"_themeisle_gutenberg_block_has_review":false,"footnotes":""},"class_list":["post-158","page","type-page","status-publish","hentry"],"_links":{"self":[{"href":"https:\/\/hannakotowskakancelaria.pl\/index.php?rest_route=\/wp\/v2\/pages\/158","targetHints":{"allow":["GET"]}}],"collection":[{"href":"https:\/\/hannakotowskakancelaria.pl\/index.php?rest_route=\/wp\/v2\/pages"}],"about":[{"href":"https:\/\/hannakotowskakancelaria.pl\/index.php?rest_route=\/wp\/v2\/types\/page"}],"author":[{"embeddable":true,"href":"https:\/\/hannakotowskakancelaria.pl\/index.php?rest_route=\/wp\/v2\/users\/1"}],"replies":[{"embeddable":true,"href":"https:\/\/hannakotowskakancelaria.pl\/index.php?rest_route=%2Fwp%2Fv2%2Fcomments&post=158"}],"version-history":[{"count":7,"href":"https:\/\/hannakotowskakancelaria.pl\/index.php?rest_route=\/wp\/v2\/pages\/158\/revisions"}],"predecessor-version":[{"id":615,"href":"https:\/\/hannakotowskakancelaria.pl\/index.php?rest_route=\/wp\/v2\/pages\/158\/revisions\/615"}],"wp:attachment":[{"href":"https:\/\/hannakotowskakancelaria.pl\/index.php?rest_route=%2Fwp%2Fv2%2Fmedia&parent=158"}],"curies":[{"name":"wp","href":"https:\/\/api.w.org\/{rel}","templated":true}]}}