{"id":359,"date":"2024-12-10T20:44:47","date_gmt":"2024-12-10T19:44:47","guid":{"rendered":"https:\/\/hannakotowskakancelaria.pl\/?page_id=359"},"modified":"2024-12-14T16:43:02","modified_gmt":"2024-12-14T15:43:02","slug":"cennik","status":"publish","type":"page","link":"https:\/\/hannakotowskakancelaria.pl\/?page_id=359","title":{"rendered":"Cennik"},"content":{"rendered":"\n<p>Ka\u017cda sprawa wyceniana jest indywidualnie, z uwzgl\u0119dnieniem koniecznego nak\u0142adu pracy, wymaganej specjalistycznej wiedzy, umiej\u0119tno\u015bci i odpowiedniego do\u015bwiadczenia, stopnia trudno\u015bci i z\u0142o\u017cono\u015bci sprawy, jej precedensowego b\u0105d\u017a nietypowego charakteru, miejsca i terminu \u015bwiadczenia us\u0142ugi lub innych szczeg\u00f3lnych warunk\u00f3w wymaganych przez klienta, znaczenia sprawy dla klienta, odpowiedzialno\u015bci wi\u0105\u017c\u0105cej si\u0119 z prowadzeniem sprawy, utraty lub ograniczenia mo\u017cliwo\u015bci pozyskania lub wykonywania czynno\u015bci zawodowych na rzecz innych klient\u00f3w oraz rodzaju wi\u0119zi z klientem.<\/p>\n\n\n\n<p>Koszt pojedynczej porady prawnej to 150 z\u0142otych &#8211; je\u015bli porada trwa\u0107 b\u0119dzie kr\u00f3cej ni\u017c 45 minut, lub 200 z\u0142otych &#8211; je\u015bli trwa\u0107 b\u0119dzie d\u0142u\u017cej. <\/p>\n","protected":false},"excerpt":{"rendered":"<p>Ka\u017cda sprawa wyceniana jest indywidualnie, z uwzgl\u0119dnieniem koniecznego nak\u0142adu pracy, wymaganej specjalistycznej wiedzy, umiej\u0119tno\u015bci i odpowiedniego do\u015bwiadczenia, stopnia trudno\u015bci i z\u0142o\u017cono\u015bci sprawy, jej precedensowego b\u0105d\u017a nietypowego charakteru, miejsca i terminu \u015bwiadczenia us\u0142ugi lub innych szczeg\u00f3lnych warunk\u00f3w wymaganych przez klienta, znaczenia sprawy dla klienta, odpowiedzialno\u015bci wi\u0105\u017c\u0105cej si\u0119 z prowadzeniem sprawy, utraty [&hellip;]<\/p>\n","protected":false},"author":1,"featured_media":0,"parent":0,"menu_order":0,"comment_status":"closed","ping_status":"closed","template":"","meta":{"_themeisle_gutenberg_block_has_review":false,"footnotes":""},"class_list":["post-359","page","type-page","status-publish","hentry"],"_links":{"self":[{"href":"https:\/\/hannakotowskakancelaria.pl\/index.php?rest_route=\/wp\/v2\/pages\/359","targetHints":{"allow":["GET"]}}],"collection":[{"href":"https:\/\/hannakotowskakancelaria.pl\/index.php?rest_route=\/wp\/v2\/pages"}],"about":[{"href":"https:\/\/hannakotowskakancelaria.pl\/index.php?rest_route=\/wp\/v2\/types\/page"}],"author":[{"embeddable":true,"href":"https:\/\/hannakotowskakancelaria.pl\/index.php?rest_route=\/wp\/v2\/users\/1"}],"replies":[{"embeddable":true,"href":"https:\/\/hannakotowskakancelaria.pl\/index.php?rest_route=%2Fwp%2Fv2%2Fcomments&post=359"}],"version-history":[{"count":1,"href":"https:\/\/hannakotowskakancelaria.pl\/index.php?rest_route=\/wp\/v2\/pages\/359\/revisions"}],"predecessor-version":[{"id":360,"href":"https:\/\/hannakotowskakancelaria.pl\/index.php?rest_route=\/wp\/v2\/pages\/359\/revisions\/360"}],"wp:attachment":[{"href":"https:\/\/hannakotowskakancelaria.pl\/index.php?rest_route=%2Fwp%2Fv2%2Fmedia&parent=359"}],"curies":[{"name":"wp","href":"https:\/\/api.w.org\/{rel}","templated":true}]}}